{"id":3998,"date":"2024-11-26T14:34:12","date_gmt":"2024-11-26T13:34:12","guid":{"rendered":"https:\/\/www.leti.com\/dermipedia\/informacoes-basicas-sobre-o-tratamento-da-protecao-de-dados\/"},"modified":"2025-07-09T17:29:48","modified_gmt":"2025-07-09T15:29:48","slug":"informacoes-basicas-sobre-o-tratamento-da-protecao-de-dados","status":"publish","type":"page","link":"https:\/\/www.leti.com\/dermipedia\/pt-pt\/informacoes-basicas-sobre-o-tratamento-da-protecao-de-dados\/","title":{"rendered":"Informa\u00e7\u00f5es b\u00e1sicas sobre o tratamento da prote\u00e7\u00e3o de dados"},"content":{"rendered":"\n<p><strong>Respons\u00e1vel pelo tratamento dos dados: <\/strong><a href=\"https:\/\/www.leti.com\/es\/aviso-legal_101572\" target=\"_blank\" rel=\"noreferrer noopener\">LETI Pharma<\/a>.<\/p>\n\n<p><strong>Objetivo:<\/strong> Atender e gerir as quest\u00f5es relacionadas com a sa\u00fade da pele e prestar aconselhamento dermatol\u00f3gico relativamente \u00e0 utiliza\u00e7\u00e3o e aplicabilidade dos produtos \u00aeLETI Pharma.<\/p>\n\n<p><strong>Legitima\u00e7\u00e3o: <\/strong>Consentimento da pessoa em causa.<\/p>\n\n<p><strong>Destinat\u00e1rios: <\/strong>Os dados n\u00e3o ser\u00e3o divulgados a terceiros, exceto no caso de obriga\u00e7\u00f5es legais, Ag\u00eancia Europeia de Medicamentos e\/ou ag\u00eancias nacionais de sa\u00fade (casos de farmacovigil\u00e2ncia e cosmetovigil\u00e2ncia).<\/p>\n\n<p><strong>Direitos: <\/strong>Podes exercer os teus direitos de acesso, retifica\u00e7\u00e3o, apagamento, limita\u00e7\u00e3o, portabilidade e oposi\u00e7\u00e3o, bem como retirar o teu consentimento para o tratamento dos teus dados, contactando dpo@leti.com. Podes obter mais informa\u00e7\u00f5es sobre os teus direitos visitando o site da Ag\u00eancia Espanhola de Prote\u00e7\u00e3o de Dados<a href=\"http:\/\/www.aepd.es\/\" target=\"_blank\" rel=\"noreferrer noopener\">(www.aepd.es)<\/a> e, se considerares apropriado, podes apresentar uma queixa a este organismo. <\/p>\n\n<p><strong>Informa\u00e7\u00f5es adicionais: <\/strong>Para mais informa\u00e7\u00f5es sobre a forma como tratamos os teus dados, consulta a nossa <a href=\"https:\/\/www.leti.com\/es\/protecciondedatos\" target=\"_blank\" rel=\"noreferrer noopener\"><strong>Pol\u00edtica de Privacidade<\/strong><\/a>.<\/p>\n","protected":false},"excerpt":{"rendered":"Respons\u00e1vel pelo tratamento dos dados: LETI Pharma. Objetivo: Atender e gerir as quest\u00f5es relacionadas com a sa\u00fade da&hellip;\n","protected":false},"author":3,"featured_media":0,"parent":0,"menu_order":0,"comment_status":"closed","ping_status":"closed","template":"","meta":{"_acf_changed":false,"footnotes":""},"class_list":["post-3998","page","type-page","status-publish"],"acf":[],"yoast_head":"<!-- This site is optimized with the Yoast SEO plugin v26.1.1 - https:\/\/yoast.com\/wordpress\/plugins\/seo\/ -->\n<title>Informa\u00e7\u00f5es b\u00e1sicas sobre o tratamento da prote\u00e7\u00e3o de dados - Dermipedia<\/title>\n<meta name=\"robots\" content=\"index, follow, max-snippet:-1, max-image-preview:large, max-video-preview:-1\" \/>\n<link rel=\"canonical\" href=\"https:\/\/www.leti.com\/dermipedia\/pt-pt\/informacoes-basicas-sobre-o-tratamento-da-protecao-de-dados\/\" \/>\n<meta property=\"og:locale\" content=\"pt_PT\" \/>\n<meta property=\"og:type\" content=\"article\" \/>\n<meta property=\"og:title\" content=\"Informa\u00e7\u00f5es b\u00e1sicas sobre o tratamento da prote\u00e7\u00e3o de dados - Dermipedia\" \/>\n<meta property=\"og:description\" content=\"Respons\u00e1vel pelo tratamento dos dados: LETI Pharma. Objetivo: Atender e gerir as quest\u00f5es relacionadas com a sa\u00fade da&hellip;\" \/>\n<meta property=\"og:url\" content=\"https:\/\/www.leti.com\/dermipedia\/pt-pt\/informacoes-basicas-sobre-o-tratamento-da-protecao-de-dados\/\" \/>\n<meta property=\"og:site_name\" content=\"Dermipedia\" \/>\n<meta property=\"article:modified_time\" content=\"2025-07-09T15:29:48+00:00\" \/>\n<meta name=\"twitter:card\" content=\"summary_large_image\" \/>\n<meta name=\"twitter:label1\" content=\"Tempo estimado de leitura\" \/>\n\t<meta name=\"twitter:data1\" content=\"1 minuto\" \/>\n<script type=\"application\/ld+json\" class=\"yoast-schema-graph\">{\"@context\":\"https:\/\/schema.org\",\"@graph\":[{\"@type\":\"WebPage\",\"@id\":\"https:\/\/www.leti.com\/dermipedia\/pt-pt\/informacoes-basicas-sobre-o-tratamento-da-protecao-de-dados\/\",\"url\":\"https:\/\/www.leti.com\/dermipedia\/pt-pt\/informacoes-basicas-sobre-o-tratamento-da-protecao-de-dados\/\",\"name\":\"Informa\u00e7\u00f5es b\u00e1sicas sobre o tratamento da prote\u00e7\u00e3o de dados - Dermipedia\",\"isPartOf\":{\"@id\":\"https:\/\/www.leti.com\/dermipedia\/pt-pt\/#website\"},\"datePublished\":\"2024-11-26T13:34:12+00:00\",\"dateModified\":\"2025-07-09T15:29:48+00:00\",\"breadcrumb\":{\"@id\":\"https:\/\/www.leti.com\/dermipedia\/pt-pt\/informacoes-basicas-sobre-o-tratamento-da-protecao-de-dados\/#breadcrumb\"},\"inLanguage\":\"pt-PT\",\"potentialAction\":[{\"@type\":\"ReadAction\",\"target\":[\"https:\/\/www.leti.com\/dermipedia\/pt-pt\/informacoes-basicas-sobre-o-tratamento-da-protecao-de-dados\/\"]}]},{\"@type\":\"BreadcrumbList\",\"@id\":\"https:\/\/www.leti.com\/dermipedia\/pt-pt\/informacoes-basicas-sobre-o-tratamento-da-protecao-de-dados\/#breadcrumb\",\"itemListElement\":[{\"@type\":\"ListItem\",\"position\":1,\"name\":\"Portada\",\"item\":\"https:\/\/www.leti.com\/dermipedia\/pt-pt\/\"},{\"@type\":\"ListItem\",\"position\":2,\"name\":\"Informa\u00e7\u00f5es b\u00e1sicas sobre o tratamento da prote\u00e7\u00e3o de dados\"}]},{\"@type\":\"WebSite\",\"@id\":\"https:\/\/www.leti.com\/dermipedia\/pt-pt\/#website\",\"url\":\"https:\/\/www.leti.com\/dermipedia\/pt-pt\/\",\"name\":\"Dermipedia\",\"description\":\"Todos os segredos da pele\",\"potentialAction\":[{\"@type\":\"SearchAction\",\"target\":{\"@type\":\"EntryPoint\",\"urlTemplate\":\"https:\/\/www.leti.com\/dermipedia\/pt-pt\/?s={search_term_string}\"},\"query-input\":{\"@type\":\"PropertyValueSpecification\",\"valueRequired\":true,\"valueName\":\"search_term_string\"}}],\"inLanguage\":\"pt-PT\"}]}<\/script>\n<!-- \/ Yoast SEO plugin. -->","yoast_head_json":{"title":"Informa\u00e7\u00f5es b\u00e1sicas sobre o tratamento da prote\u00e7\u00e3o de dados - Dermipedia","robots":{"index":"index","follow":"follow","max-snippet":"max-snippet:-1","max-image-preview":"max-image-preview:large","max-video-preview":"max-video-preview:-1"},"canonical":"https:\/\/www.leti.com\/dermipedia\/pt-pt\/informacoes-basicas-sobre-o-tratamento-da-protecao-de-dados\/","og_locale":"pt_PT","og_type":"article","og_title":"Informa\u00e7\u00f5es b\u00e1sicas sobre o tratamento da prote\u00e7\u00e3o de dados - Dermipedia","og_description":"Respons\u00e1vel pelo tratamento dos dados: LETI Pharma. Objetivo: Atender e gerir as quest\u00f5es relacionadas com a sa\u00fade da&hellip;","og_url":"https:\/\/www.leti.com\/dermipedia\/pt-pt\/informacoes-basicas-sobre-o-tratamento-da-protecao-de-dados\/","og_site_name":"Dermipedia","article_modified_time":"2025-07-09T15:29:48+00:00","twitter_card":"summary_large_image","twitter_misc":{"Tempo estimado de leitura":"1 minuto"},"schema":{"@context":"https:\/\/schema.org","@graph":[{"@type":"WebPage","@id":"https:\/\/www.leti.com\/dermipedia\/pt-pt\/informacoes-basicas-sobre-o-tratamento-da-protecao-de-dados\/","url":"https:\/\/www.leti.com\/dermipedia\/pt-pt\/informacoes-basicas-sobre-o-tratamento-da-protecao-de-dados\/","name":"Informa\u00e7\u00f5es b\u00e1sicas sobre o tratamento da prote\u00e7\u00e3o de dados - Dermipedia","isPartOf":{"@id":"https:\/\/www.leti.com\/dermipedia\/pt-pt\/#website"},"datePublished":"2024-11-26T13:34:12+00:00","dateModified":"2025-07-09T15:29:48+00:00","breadcrumb":{"@id":"https:\/\/www.leti.com\/dermipedia\/pt-pt\/informacoes-basicas-sobre-o-tratamento-da-protecao-de-dados\/#breadcrumb"},"inLanguage":"pt-PT","potentialAction":[{"@type":"ReadAction","target":["https:\/\/www.leti.com\/dermipedia\/pt-pt\/informacoes-basicas-sobre-o-tratamento-da-protecao-de-dados\/"]}]},{"@type":"BreadcrumbList","@id":"https:\/\/www.leti.com\/dermipedia\/pt-pt\/informacoes-basicas-sobre-o-tratamento-da-protecao-de-dados\/#breadcrumb","itemListElement":[{"@type":"ListItem","position":1,"name":"Portada","item":"https:\/\/www.leti.com\/dermipedia\/pt-pt\/"},{"@type":"ListItem","position":2,"name":"Informa\u00e7\u00f5es b\u00e1sicas sobre o tratamento da prote\u00e7\u00e3o de dados"}]},{"@type":"WebSite","@id":"https:\/\/www.leti.com\/dermipedia\/pt-pt\/#website","url":"https:\/\/www.leti.com\/dermipedia\/pt-pt\/","name":"Dermipedia","description":"Todos os segredos da pele","potentialAction":[{"@type":"SearchAction","target":{"@type":"EntryPoint","urlTemplate":"https:\/\/www.leti.com\/dermipedia\/pt-pt\/?s={search_term_string}"},"query-input":{"@type":"PropertyValueSpecification","valueRequired":true,"valueName":"search_term_string"}}],"inLanguage":"pt-PT"}]}},"_links":{"self":[{"href":"https:\/\/www.leti.com\/dermipedia\/pt-pt\/wp-json\/wp\/v2\/pages\/3998","targetHints":{"allow":["GET"]}}],"collection":[{"href":"https:\/\/www.leti.com\/dermipedia\/pt-pt\/wp-json\/wp\/v2\/pages"}],"about":[{"href":"https:\/\/www.leti.com\/dermipedia\/pt-pt\/wp-json\/wp\/v2\/types\/page"}],"author":[{"embeddable":true,"href":"https:\/\/www.leti.com\/dermipedia\/pt-pt\/wp-json\/wp\/v2\/users\/3"}],"replies":[{"embeddable":true,"href":"https:\/\/www.leti.com\/dermipedia\/pt-pt\/wp-json\/wp\/v2\/comments?post=3998"}],"version-history":[{"count":1,"href":"https:\/\/www.leti.com\/dermipedia\/pt-pt\/wp-json\/wp\/v2\/pages\/3998\/revisions"}],"predecessor-version":[{"id":3999,"href":"https:\/\/www.leti.com\/dermipedia\/pt-pt\/wp-json\/wp\/v2\/pages\/3998\/revisions\/3999"}],"wp:attachment":[{"href":"https:\/\/www.leti.com\/dermipedia\/pt-pt\/wp-json\/wp\/v2\/media?parent=3998"}],"curies":[{"name":"wp","href":"https:\/\/api.w.org\/{rel}","templated":true}]}}