{"id":4562,"date":"2018-10-08T15:01:03","date_gmt":"2018-10-08T13:01:03","guid":{"rendered":"https:\/\/www.leti.com\/dermipedia\/politica-de-cookies-2\/"},"modified":"2025-10-09T11:50:51","modified_gmt":"2025-10-09T09:50:51","slug":"politica-cookies","status":"publish","type":"page","link":"https:\/\/www.leti.com\/dermipedia\/pt-pt\/politica-cookies\/","title":{"rendered":"Pol\u00edtica de cookies"},"content":{"rendered":"\n<p>Este site \u00e9 propriedade da LETI Pharma, S.L.U. (<strong>&#8220;LETI<\/strong>&#8220;), que instala cookies pr\u00f3prios e de terceiros. Por este motivo, desenvolvemos esta pol\u00edtica para te informar sobre o que \u00e9 um cookie, quais os que utilizamos neste site e para te ajudar a geri-los de acordo com os teus interesses.   <\/p>\n\n<p>A nossa pol\u00edtica estar\u00e1 sempre dispon\u00edvel para ti na parte inferior do nosso s\u00edtio Web, na liga\u00e7\u00e3o &#8220;Pol\u00edtica de cookies&#8221;.<\/p>\n\n<h2 class=\"wp-block-heading\">O que s\u00e3o bolachas?<\/h2>\n\n<p>Um &#8220;Cookie&#8221; \u00e9 um pequeno ficheiro de texto que um s\u00edtio Web armazena no browser do utilizador. Os cookies facilitam a utiliza\u00e7\u00e3o e a navega\u00e7\u00e3o de um s\u00edtio Web e s\u00e3o essenciais para o funcionamento da Internet, proporcionando in\u00fameras vantagens na presta\u00e7\u00e3o de servi\u00e7os interactivos. <\/p>\n\n<p>Os cookies s\u00e3o utilizados, por exemplo, para gerir a sess\u00e3o do utilizador (reduzindo o n\u00famero de vezes que tem de introduzir a sua palavra-passe) ou para adaptar o conte\u00fado de uma p\u00e1gina web \u00e0s suas prefer\u00eancias. A nossa Pol\u00edtica de Utiliza\u00e7\u00e3o de Cookies fornece informa\u00e7\u00f5es espec\u00edficas sobre os Cookies que utilizamos nos diferentes sites da LETI. Com ela pretendemos informar o utilizador sobre as formas mais comuns de os apagar ou desativar.  <\/p>\n\n<div id=\"ot-sdk-cookie-policy\"><\/div>\n\n<h3 class=\"wp-block-heading\">Como posso personalizar as minhas prefer\u00eancias de Cookies?<\/h3>\n\n<p>Podes configurar os cookies atrav\u00e9s do Cookie Configurator, atrav\u00e9s do teu browser e tamb\u00e9m atrav\u00e9s dos s\u00edtios Web dos terceiros que instalam cookies no teu dispositivo.<\/p>\n\n<ul class=\"wp-block-list\">\n<li><a href=\"http:\/\/windows.microsoft.com\/es-es\/windows-vista\/Block-or-allow-cookies\" target=\"_blank\" rel=\"noreferrer noopener\">Para o browser Explorer<\/a><\/li>\n\n\n\n<li><a href=\"http:\/\/support.mozilla.org\/es\/kb\/habilitar-y-deshabilitar-cookies-que-los-sitios-we\" target=\"_blank\" rel=\"noreferrer noopener\">Para o browser Firefox<\/a><\/li>\n\n\n\n<li><a href=\"http:\/\/help.opera.com\/Windows\/11.50\/es-ES\/cookies.html\" target=\"_blank\" rel=\"noreferrer noopener\">Para o browser Opera<\/a><\/li>\n\n\n\n<li><a href=\"https:\/\/support.google.com\/accounts\/answer\/61416?hl=es\" target=\"_blank\" rel=\"noreferrer noopener\">Para o navegador Google Chrome<\/a><\/li>\n\n\n\n<li><a href=\"http:\/\/support.apple.com\/kb\/HT1677?viewlocale=es_ES\" target=\"_blank\" rel=\"noreferrer noopener\">Para o browser Safari<\/a><\/li>\n<\/ul>\n\n<p>A LETI n\u00e3o se responsabiliza pelo conte\u00fado ou veracidade das pol\u00edticas de privacidade dos terceiros mencionados na presente Pol\u00edtica de Cookies.<\/p>\n\n<p>Se desativar completamente os Cookies, \u00e9 poss\u00edvel que certos conte\u00fados dos sites da LETI n\u00e3o funcionem corretamente e que nos seja dif\u00edcil melhorar a sua experi\u00eancia de utilizador.<\/p>\n\n<h3 class=\"wp-block-heading\">Transfer\u00eancias internacionais de dados  <\/h3>\n\n<p>Tem em aten\u00e7\u00e3o que a utiliza\u00e7\u00e3o de Cookies, dependendo das tuas defini\u00e7\u00f5es, pode envolver uma transfer\u00eancia de dados para fora do Espa\u00e7o Econ\u00f3mico Europeu, para os Estados Unidos, de acordo com o artigo 45\u00ba do Regulamento Europeu de Prote\u00e7\u00e3o de Dados. Este pa\u00eds terceiro tem uma decis\u00e3o de adequa\u00e7\u00e3o e os terceiros relacionados est\u00e3o certificados ao abrigo do novo quadro de privacidade. Para mais informa\u00e7\u00f5es, consulta a seguinte liga\u00e7\u00e3o: <a href=\"https:\/\/commission.europa.eu\/document\/fa09cbad-dd7d-4684-ae60-be03fcb0fddf_en\" target=\"_blank\" rel=\"noreferrer noopener\">https:\/\/commission.europa.eu\/document\/fa09cbad-dd7d-4684-ae60-be03fcb0fddf_en<\/a>     <\/p>\n\n<h3 class=\"wp-block-heading\">Onde posso obter mais informa\u00e7\u00f5es sobre a prote\u00e7\u00e3o dos meus dados pessoais?  <\/h3>\n\n<p>Acede \u00e0 nossa <a href=\"https:\/\/www.leti.com\/protecciondedatos\">Pol\u00edtica de Prote\u00e7\u00e3o de Dados<\/a>, para obteres mais informa\u00e7\u00f5es sobre o tratamento dos teus dados pessoais, bem como para exerceres os teus direitos.  <\/p>\n\n<h3 class=\"wp-block-heading\">Actualiza\u00e7\u00f5es e altera\u00e7\u00f5es \u00e0 pol\u00edtica de cookies  <\/h3>\n\n<p>A LETI reserva-se o direito de modificar esta Pol\u00edtica de Cookies a qualquer momento e sem aviso pr\u00e9vio, em resposta a requisitos regulamentares ou para melhorar o site. Apesar de fazermos todos os esfor\u00e7os para te notificar de tais altera\u00e7\u00f5es, recomendamos que revejas a Pol\u00edtica de Cookies quando acedes ao site.   <br\/><\/p>\n","protected":false},"excerpt":{"rendered":"Este site \u00e9 propriedade da LETI Pharma, S.L.U. (&#8220;LETI&#8220;), que instala cookies pr\u00f3prios e de terceiros. Por este&hellip;\n","protected":false},"author":3,"featured_media":0,"parent":0,"menu_order":0,"comment_status":"closed","ping_status":"closed","template":"","meta":{"_acf_changed":false,"footnotes":""},"class_list":["post-4562","page","type-page","status-publish"],"acf":[],"yoast_head":"<!-- This site is optimized with the Yoast SEO plugin v26.1.1 - https:\/\/yoast.com\/wordpress\/plugins\/seo\/ -->\n<title>Pol\u00edtica de cookies - Dermipedia<\/title>\n<meta name=\"robots\" content=\"index, follow, max-snippet:-1, max-image-preview:large, max-video-preview:-1\" \/>\n<link rel=\"canonical\" href=\"https:\/\/www.leti.com\/dermipedia\/pt-pt\/politica-cookies\/\" \/>\n<meta property=\"og:locale\" content=\"pt_PT\" \/>\n<meta property=\"og:type\" content=\"article\" \/>\n<meta property=\"og:title\" content=\"Pol\u00edtica de cookies - Dermipedia\" \/>\n<meta property=\"og:description\" content=\"Este site \u00e9 propriedade da LETI Pharma, S.L.U. (&#8220;LETI&#8220;), que instala cookies pr\u00f3prios e de terceiros. Por este&hellip;\" \/>\n<meta property=\"og:url\" content=\"https:\/\/www.leti.com\/dermipedia\/pt-pt\/politica-cookies\/\" \/>\n<meta property=\"og:site_name\" content=\"Dermipedia\" \/>\n<meta property=\"article:modified_time\" content=\"2025-10-09T09:50:51+00:00\" \/>\n<meta name=\"twitter:card\" content=\"summary_large_image\" \/>\n<meta name=\"twitter:label1\" content=\"Tempo estimado de leitura\" \/>\n\t<meta name=\"twitter:data1\" content=\"3 minutos\" \/>\n<script type=\"application\/ld+json\" class=\"yoast-schema-graph\">{\"@context\":\"https:\/\/schema.org\",\"@graph\":[{\"@type\":\"WebPage\",\"@id\":\"https:\/\/www.leti.com\/dermipedia\/pt-pt\/politica-cookies\/\",\"url\":\"https:\/\/www.leti.com\/dermipedia\/pt-pt\/politica-cookies\/\",\"name\":\"Pol\u00edtica de cookies - Dermipedia\",\"isPartOf\":{\"@id\":\"https:\/\/www.leti.com\/dermipedia\/pt-pt\/#website\"},\"datePublished\":\"2018-10-08T13:01:03+00:00\",\"dateModified\":\"2025-10-09T09:50:51+00:00\",\"breadcrumb\":{\"@id\":\"https:\/\/www.leti.com\/dermipedia\/pt-pt\/politica-cookies\/#breadcrumb\"},\"inLanguage\":\"pt-PT\",\"potentialAction\":[{\"@type\":\"ReadAction\",\"target\":[\"https:\/\/www.leti.com\/dermipedia\/pt-pt\/politica-cookies\/\"]}]},{\"@type\":\"BreadcrumbList\",\"@id\":\"https:\/\/www.leti.com\/dermipedia\/pt-pt\/politica-cookies\/#breadcrumb\",\"itemListElement\":[{\"@type\":\"ListItem\",\"position\":1,\"name\":\"Portada\",\"item\":\"https:\/\/www.leti.com\/dermipedia\/pt-pt\/\"},{\"@type\":\"ListItem\",\"position\":2,\"name\":\"Pol\u00edtica de cookies\"}]},{\"@type\":\"WebSite\",\"@id\":\"https:\/\/www.leti.com\/dermipedia\/pt-pt\/#website\",\"url\":\"https:\/\/www.leti.com\/dermipedia\/pt-pt\/\",\"name\":\"Dermipedia\",\"description\":\"Todos os segredos da pele\",\"potentialAction\":[{\"@type\":\"SearchAction\",\"target\":{\"@type\":\"EntryPoint\",\"urlTemplate\":\"https:\/\/www.leti.com\/dermipedia\/pt-pt\/?s={search_term_string}\"},\"query-input\":{\"@type\":\"PropertyValueSpecification\",\"valueRequired\":true,\"valueName\":\"search_term_string\"}}],\"inLanguage\":\"pt-PT\"}]}<\/script>\n<!-- \/ Yoast SEO plugin. -->","yoast_head_json":{"title":"Pol\u00edtica de cookies - Dermipedia","robots":{"index":"index","follow":"follow","max-snippet":"max-snippet:-1","max-image-preview":"max-image-preview:large","max-video-preview":"max-video-preview:-1"},"canonical":"https:\/\/www.leti.com\/dermipedia\/pt-pt\/politica-cookies\/","og_locale":"pt_PT","og_type":"article","og_title":"Pol\u00edtica de cookies - Dermipedia","og_description":"Este site \u00e9 propriedade da LETI Pharma, S.L.U. (&#8220;LETI&#8220;), que instala cookies pr\u00f3prios e de terceiros. Por este&hellip;","og_url":"https:\/\/www.leti.com\/dermipedia\/pt-pt\/politica-cookies\/","og_site_name":"Dermipedia","article_modified_time":"2025-10-09T09:50:51+00:00","twitter_card":"summary_large_image","twitter_misc":{"Tempo estimado de leitura":"3 minutos"},"schema":{"@context":"https:\/\/schema.org","@graph":[{"@type":"WebPage","@id":"https:\/\/www.leti.com\/dermipedia\/pt-pt\/politica-cookies\/","url":"https:\/\/www.leti.com\/dermipedia\/pt-pt\/politica-cookies\/","name":"Pol\u00edtica de cookies - Dermipedia","isPartOf":{"@id":"https:\/\/www.leti.com\/dermipedia\/pt-pt\/#website"},"datePublished":"2018-10-08T13:01:03+00:00","dateModified":"2025-10-09T09:50:51+00:00","breadcrumb":{"@id":"https:\/\/www.leti.com\/dermipedia\/pt-pt\/politica-cookies\/#breadcrumb"},"inLanguage":"pt-PT","potentialAction":[{"@type":"ReadAction","target":["https:\/\/www.leti.com\/dermipedia\/pt-pt\/politica-cookies\/"]}]},{"@type":"BreadcrumbList","@id":"https:\/\/www.leti.com\/dermipedia\/pt-pt\/politica-cookies\/#breadcrumb","itemListElement":[{"@type":"ListItem","position":1,"name":"Portada","item":"https:\/\/www.leti.com\/dermipedia\/pt-pt\/"},{"@type":"ListItem","position":2,"name":"Pol\u00edtica de cookies"}]},{"@type":"WebSite","@id":"https:\/\/www.leti.com\/dermipedia\/pt-pt\/#website","url":"https:\/\/www.leti.com\/dermipedia\/pt-pt\/","name":"Dermipedia","description":"Todos os segredos da pele","potentialAction":[{"@type":"SearchAction","target":{"@type":"EntryPoint","urlTemplate":"https:\/\/www.leti.com\/dermipedia\/pt-pt\/?s={search_term_string}"},"query-input":{"@type":"PropertyValueSpecification","valueRequired":true,"valueName":"search_term_string"}}],"inLanguage":"pt-PT"}]}},"_links":{"self":[{"href":"https:\/\/www.leti.com\/dermipedia\/pt-pt\/wp-json\/wp\/v2\/pages\/4562","targetHints":{"allow":["GET"]}}],"collection":[{"href":"https:\/\/www.leti.com\/dermipedia\/pt-pt\/wp-json\/wp\/v2\/pages"}],"about":[{"href":"https:\/\/www.leti.com\/dermipedia\/pt-pt\/wp-json\/wp\/v2\/types\/page"}],"author":[{"embeddable":true,"href":"https:\/\/www.leti.com\/dermipedia\/pt-pt\/wp-json\/wp\/v2\/users\/3"}],"replies":[{"embeddable":true,"href":"https:\/\/www.leti.com\/dermipedia\/pt-pt\/wp-json\/wp\/v2\/comments?post=4562"}],"version-history":[{"count":1,"href":"https:\/\/www.leti.com\/dermipedia\/pt-pt\/wp-json\/wp\/v2\/pages\/4562\/revisions"}],"predecessor-version":[{"id":4563,"href":"https:\/\/www.leti.com\/dermipedia\/pt-pt\/wp-json\/wp\/v2\/pages\/4562\/revisions\/4563"}],"wp:attachment":[{"href":"https:\/\/www.leti.com\/dermipedia\/pt-pt\/wp-json\/wp\/v2\/media?parent=4562"}],"curies":[{"name":"wp","href":"https:\/\/api.w.org\/{rel}","templated":true}]}}