{"id":173,"date":"2018-10-08T15:01:03","date_gmt":"2018-10-08T13:01:03","guid":{"rendered":"https:\/\/www.leti.com\/vivetupiel\/?page_id=173"},"modified":"2025-10-09T11:46:12","modified_gmt":"2025-10-09T09:46:12","slug":"politica-de-cookies","status":"publish","type":"page","link":"https:\/\/www.leti.com\/dermipedia\/politica-de-cookies\/","title":{"rendered":"Pol\u00edtica de cookies"},"content":{"rendered":"\n<p>La presente p\u00e1gina web es titularidad de LETI Pharma, S.L.U. (\u201c<strong>LETI<\/strong>\u201d), y en esta se instalan cookies propias y de terceros. Es por dicho motivo que hemos desarrollado esta pol\u00edtica para informarte de que es una cookie, cuales usamos en esta web y ayudarte a gestionarlas seg\u00fan tus intereses.&nbsp;<\/p>\n\n\n\n<p>Nuestra pol\u00edtica estar\u00e1 a tu disposici\u00f3n en todo momento en la parte inferior de nuestra Web en el enlace \u00abPol\u00edtica de Cookies\u00bb.<\/p>\n\n\n\n<h2 class=\"wp-block-heading\">\u00bfQu\u00e9 son las cookies?<\/h2>\n\n\n\n<p>Una &#8216;Cookie&#8217; es un peque\u00f1o archivo de texto que un sitio web almacena en el navegador del usuario. Las cookies facilitan el uso y navegaci\u00f3n por una p\u00e1gina web y son esenciales para el funcionamiento de internet, aportando innumerables ventajas en la prestaci\u00f3n de servicios interactivos.<\/p>\n\n\n\n<p>Las cookies se utilizan por ejemplo para gestionar la sesi\u00f3n del usuario (reduciendo el n\u00famero de veces que tiene que incluir su contrase\u00f1a) o para adecuar los contenidos de una p\u00e1gina web a sus preferencias. Nuestra Pol\u00edtica de Uso de Cookies ofrece informaci\u00f3n espec\u00edfica de las Cookies que utilizamos en los distintos sitios web de LETI. Con ella queremos informar al usuario de las maneras m\u00e1s habituales para borrarlas o desactivarlas.<\/p>\n\n\n\n<div id=\"ot-sdk-cookie-policy\"><\/div>\n\n\n\n<h3 class=\"wp-block-heading\">\u00bfC\u00f3mo puedo personalizar mis preferencias de Cookies?<\/h3>\n\n\n\n<p>Usted puede configurar las cookies a trav\u00e9s del Configurador de Cookies, a trav\u00e9s de su navegador y tambi\u00e9n a trav\u00e9s de los sitios web de aquellos terceros que instalen cookies en su dispositivo.<\/p>\n\n\n\n<ul class=\"wp-block-list\">\n<li><a href=\"http:\/\/windows.microsoft.com\/es-es\/windows-vista\/Block-or-allow-cookies\" target=\"_blank\" rel=\"noreferrer noopener\">Para el navegador Explorer<\/a><\/li>\n\n\n\n<li><a href=\"http:\/\/support.mozilla.org\/es\/kb\/habilitar-y-deshabilitar-cookies-que-los-sitios-we\" target=\"_blank\" rel=\"noreferrer noopener\">Para el navegador Firefox<\/a><\/li>\n\n\n\n<li><a href=\"http:\/\/help.opera.com\/Windows\/11.50\/es-ES\/cookies.html\" target=\"_blank\" rel=\"noreferrer noopener\">Para el navegador Opera<\/a><\/li>\n\n\n\n<li><a href=\"https:\/\/support.google.com\/accounts\/answer\/61416?hl=es\" target=\"_blank\" rel=\"noreferrer noopener\">Para el navegador Google Chrome<\/a><\/li>\n\n\n\n<li><a href=\"http:\/\/support.apple.com\/kb\/HT1677?viewlocale=es_ES\" target=\"_blank\" rel=\"noreferrer noopener\">Para el navegador Safari<\/a><\/li>\n<\/ul>\n\n\n\n<p>En LETI no nos hacemos responsables ni del contenido ni de la veracidad de las pol\u00edticas de privacidad que puedan tener los terceros mencionados en la presente Pol\u00edtica de Cookies.<\/p>\n\n\n\n<p>Si se deshabilitan completamente las Cookies es posible que determinados contenido de las webs de LETI no funcionen correctamente y nos ser\u00e1 dif\u00edcil mejorar tu experiencia de usuario.<\/p>\n\n\n\n<h3 class=\"wp-block-heading\">Transferencias internacionales de datos&nbsp;&nbsp;<\/h3>\n\n\n\n<p>Recuerda&nbsp;que el uso de&nbsp;Cookies, en funci\u00f3n de&nbsp;tu configuraci\u00f3n, puede implicar&nbsp;una transferencia de datos fuera del Espacio Econ\u00f3mico Europeo, hacia Estados Unidos, en virtud del art\u00edculo 45 del Reglamento Europeo de Protecci\u00f3n&nbsp;de Datos. Dicho pa\u00eds tercero cuenta con una decisi\u00f3n de adecuaci\u00f3n y&nbsp;los&nbsp;terceros&nbsp;relacionados&nbsp;se encuentran&nbsp;certificados&nbsp;por el nuevo marco de privacidad. Para m\u00e1s informaci\u00f3n,&nbsp;puedes&nbsp;consultar el siguiente enlace:&nbsp;<a href=\"https:\/\/commission.europa.eu\/document\/fa09cbad-dd7d-4684-ae60-be03fcb0fddf_en\" target=\"_blank\" rel=\"noreferrer noopener\">https:\/\/commission.europa.eu\/document\/fa09cbad-dd7d-4684-ae60-be03fcb0fddf_en<\/a>&nbsp;&nbsp;&nbsp;<\/p>\n\n\n\n<h3 class=\"wp-block-heading\">\u00bfD\u00f3nde puedo conocer m\u00e1s informaci\u00f3n&nbsp;relativa a la protecci\u00f3n de mis datos personales?&nbsp;&nbsp;<\/h3>\n\n\n\n<p>Acceda a nuestra&nbsp;<a href=\"https:\/\/www.leti.com\/protecciondedatos\">Pol\u00edtica de Protecci\u00f3n de Datos<\/a>, para obtener m\u00e1s informaci\u00f3n acerca del tratamiento de&nbsp;tus datos personales, as\u00ed como para ejercer&nbsp;tus derechos.&nbsp;&nbsp;<\/p>\n\n\n\n<h3 class=\"wp-block-heading\">Actualizaciones y cambios en la pol\u00edtica de cookies&nbsp;<\/h3>\n\n\n\n<p>LETI se reserva el derecho de modificar la presente Pol\u00edtica de Cookies en cualquier momento y sin previo aviso, ante exigencias&nbsp;normativas&nbsp;o con la finalidad de mejorar la p\u00e1gina web. A pesar de que podamos realizar esfuerzos para notificarle dichos cambios, recomendamos la revisi\u00f3n de la Pol\u00edtica de Cookies al acceder a la web.&nbsp;&nbsp;<br><\/p>\n","protected":false},"excerpt":{"rendered":"La presente p\u00e1gina web es titularidad de LETI Pharma, S.L.U. (\u201cLETI\u201d), y en esta se instalan cookies propias&hellip;\n","protected":false},"author":3,"featured_media":0,"parent":0,"menu_order":0,"comment_status":"closed","ping_status":"closed","template":"","meta":{"_acf_changed":false,"footnotes":""},"class_list":["post-173","page","type-page","status-publish"],"acf":[],"yoast_head":"<!-- This site is optimized with the Yoast SEO plugin v26.1.1 - https:\/\/yoast.com\/wordpress\/plugins\/seo\/ -->\n<title>Pol\u00edtica de cookies - Dermipedia<\/title>\n<meta name=\"robots\" content=\"index, follow, max-snippet:-1, max-image-preview:large, max-video-preview:-1\" \/>\n<link rel=\"canonical\" href=\"https:\/\/www.leti.com\/dermipedia\/politica-de-cookies\/\" \/>\n<meta property=\"og:locale\" content=\"es_ES\" \/>\n<meta property=\"og:type\" content=\"article\" \/>\n<meta property=\"og:title\" content=\"Pol\u00edtica de cookies - Dermipedia\" \/>\n<meta property=\"og:description\" content=\"La presente p\u00e1gina web es titularidad de LETI Pharma, S.L.U. (\u201cLETI\u201d), y en esta se instalan cookies propias&hellip;\" \/>\n<meta property=\"og:url\" content=\"https:\/\/www.leti.com\/dermipedia\/politica-de-cookies\/\" \/>\n<meta property=\"og:site_name\" content=\"Dermipedia\" \/>\n<meta property=\"article:modified_time\" content=\"2025-10-09T09:46:12+00:00\" \/>\n<meta name=\"twitter:card\" content=\"summary_large_image\" \/>\n<script type=\"application\/ld+json\" class=\"yoast-schema-graph\">{\"@context\":\"https:\/\/schema.org\",\"@graph\":[{\"@type\":\"WebPage\",\"@id\":\"https:\/\/www.leti.com\/dermipedia\/politica-de-cookies\/\",\"url\":\"https:\/\/www.leti.com\/dermipedia\/politica-de-cookies\/\",\"name\":\"Pol\u00edtica de cookies - Dermipedia\",\"isPartOf\":{\"@id\":\"https:\/\/www.leti.com\/dermipedia\/#website\"},\"datePublished\":\"2018-10-08T13:01:03+00:00\",\"dateModified\":\"2025-10-09T09:46:12+00:00\",\"breadcrumb\":{\"@id\":\"https:\/\/www.leti.com\/dermipedia\/politica-de-cookies\/#breadcrumb\"},\"inLanguage\":\"es\",\"potentialAction\":[{\"@type\":\"ReadAction\",\"target\":[\"https:\/\/www.leti.com\/dermipedia\/politica-de-cookies\/\"]}]},{\"@type\":\"BreadcrumbList\",\"@id\":\"https:\/\/www.leti.com\/dermipedia\/politica-de-cookies\/#breadcrumb\",\"itemListElement\":[{\"@type\":\"ListItem\",\"position\":1,\"name\":\"Portada\",\"item\":\"https:\/\/www.leti.com\/dermipedia\/inicio\/\"},{\"@type\":\"ListItem\",\"position\":2,\"name\":\"Pol\u00edtica de cookies\"}]},{\"@type\":\"WebSite\",\"@id\":\"https:\/\/www.leti.com\/dermipedia\/#website\",\"url\":\"https:\/\/www.leti.com\/dermipedia\/\",\"name\":\"Dermipedia\",\"description\":\"Todos los secretos de la piel\",\"potentialAction\":[{\"@type\":\"SearchAction\",\"target\":{\"@type\":\"EntryPoint\",\"urlTemplate\":\"https:\/\/www.leti.com\/dermipedia\/?s={search_term_string}\"},\"query-input\":{\"@type\":\"PropertyValueSpecification\",\"valueRequired\":true,\"valueName\":\"search_term_string\"}}],\"inLanguage\":\"es\"}]}<\/script>\n<!-- \/ Yoast SEO plugin. -->","yoast_head_json":{"title":"Pol\u00edtica de cookies - Dermipedia","robots":{"index":"index","follow":"follow","max-snippet":"max-snippet:-1","max-image-preview":"max-image-preview:large","max-video-preview":"max-video-preview:-1"},"canonical":"https:\/\/www.leti.com\/dermipedia\/politica-de-cookies\/","og_locale":"es_ES","og_type":"article","og_title":"Pol\u00edtica de cookies - Dermipedia","og_description":"La presente p\u00e1gina web es titularidad de LETI Pharma, S.L.U. (\u201cLETI\u201d), y en esta se instalan cookies propias&hellip;","og_url":"https:\/\/www.leti.com\/dermipedia\/politica-de-cookies\/","og_site_name":"Dermipedia","article_modified_time":"2025-10-09T09:46:12+00:00","twitter_card":"summary_large_image","schema":{"@context":"https:\/\/schema.org","@graph":[{"@type":"WebPage","@id":"https:\/\/www.leti.com\/dermipedia\/politica-de-cookies\/","url":"https:\/\/www.leti.com\/dermipedia\/politica-de-cookies\/","name":"Pol\u00edtica de cookies - Dermipedia","isPartOf":{"@id":"https:\/\/www.leti.com\/dermipedia\/#website"},"datePublished":"2018-10-08T13:01:03+00:00","dateModified":"2025-10-09T09:46:12+00:00","breadcrumb":{"@id":"https:\/\/www.leti.com\/dermipedia\/politica-de-cookies\/#breadcrumb"},"inLanguage":"es","potentialAction":[{"@type":"ReadAction","target":["https:\/\/www.leti.com\/dermipedia\/politica-de-cookies\/"]}]},{"@type":"BreadcrumbList","@id":"https:\/\/www.leti.com\/dermipedia\/politica-de-cookies\/#breadcrumb","itemListElement":[{"@type":"ListItem","position":1,"name":"Portada","item":"https:\/\/www.leti.com\/dermipedia\/inicio\/"},{"@type":"ListItem","position":2,"name":"Pol\u00edtica de cookies"}]},{"@type":"WebSite","@id":"https:\/\/www.leti.com\/dermipedia\/#website","url":"https:\/\/www.leti.com\/dermipedia\/","name":"Dermipedia","description":"Todos los secretos de la piel","potentialAction":[{"@type":"SearchAction","target":{"@type":"EntryPoint","urlTemplate":"https:\/\/www.leti.com\/dermipedia\/?s={search_term_string}"},"query-input":{"@type":"PropertyValueSpecification","valueRequired":true,"valueName":"search_term_string"}}],"inLanguage":"es"}]}},"_links":{"self":[{"href":"https:\/\/www.leti.com\/dermipedia\/wp-json\/wp\/v2\/pages\/173","targetHints":{"allow":["GET"]}}],"collection":[{"href":"https:\/\/www.leti.com\/dermipedia\/wp-json\/wp\/v2\/pages"}],"about":[{"href":"https:\/\/www.leti.com\/dermipedia\/wp-json\/wp\/v2\/types\/page"}],"author":[{"embeddable":true,"href":"https:\/\/www.leti.com\/dermipedia\/wp-json\/wp\/v2\/users\/3"}],"replies":[{"embeddable":true,"href":"https:\/\/www.leti.com\/dermipedia\/wp-json\/wp\/v2\/comments?post=173"}],"version-history":[{"count":5,"href":"https:\/\/www.leti.com\/dermipedia\/wp-json\/wp\/v2\/pages\/173\/revisions"}],"predecessor-version":[{"id":3429,"href":"https:\/\/www.leti.com\/dermipedia\/wp-json\/wp\/v2\/pages\/173\/revisions\/3429"}],"wp:attachment":[{"href":"https:\/\/www.leti.com\/dermipedia\/wp-json\/wp\/v2\/media?parent=173"}],"curies":[{"name":"wp","href":"https:\/\/api.w.org\/{rel}","templated":true}]}}