{"id":3202,"date":"2024-11-26T14:34:12","date_gmt":"2024-11-26T13:34:12","guid":{"rendered":"https:\/\/www.leti.com\/vivetupiel\/?page_id=3202"},"modified":"2025-11-04T12:19:37","modified_gmt":"2025-11-04T11:19:37","slug":"informacion-basica-sobre-el-tratamiento-de-proteccion-de-datos","status":"publish","type":"page","link":"https:\/\/www.leti.com\/dermipedia\/informacion-basica-sobre-el-tratamiento-de-proteccion-de-datos\/","title":{"rendered":"Informaci\u00f3n b\u00e1sica sobre el tratamiento de protecci\u00f3n de datos"},"content":{"rendered":"\n<p><strong>Responsable del tratamiento:&nbsp;<\/strong><a href=\"https:\/\/www.leti.com\/es\/aviso-legal_101572\" target=\"_blank\" rel=\"noreferrer noopener\">LETI Pharma<\/a>.<\/p>\n\n\n\n<p><strong>Finalidad:<\/strong>\u00a0Atender y gestionar las consultas relacionadas con la salud de la piel y prestar asesoramiento dermatol\u00f3gico con relaci\u00f3n al uso y aplicabilidad de los productos de LETI Pharma\u00ae.<\/p>\n\n\n\n<p><strong>Legitimaci\u00f3n:&nbsp;<\/strong>Consentimiento del interesado.<\/p>\n\n\n\n<p><strong>Destinatarios:&nbsp;<\/strong>No se comunicar\u00e1n los datos a terceros, salvo obligaci\u00f3n legal, Agencia Europea del Medicamento y\/o agencias de salud nacionales (casos de farmacovigilancia y cosmetovigilancia).<\/p>\n\n\n\n<p><strong>Derechos:&nbsp;<\/strong>Puedes ejercer tus derechos de acceso, rectificaci\u00f3n, supresi\u00f3n, limitaci\u00f3n, portabilidad y oposici\u00f3n, as\u00ed como, retirar tu consentimiento para el tratamiento de tus datos dirigi\u00e9ndote a dpo@leti.com.&nbsp;Puedes obtener m\u00e1s informaci\u00f3n sobre tus derechos acudiendo a la p\u00e1gina web de la Agencia Espa\u00f1ola de Protecci\u00f3n de Datos (<a href=\"http:\/\/www.aepd.es\/\" target=\"_blank\" rel=\"noreferrer noopener\">www.aepd.es<\/a>) as\u00ed como, presentar una reclamaci\u00f3n ante este organismo de considerarlo oportuno.<\/p>\n\n\n\n<p><strong>Informaci\u00f3n adicional:&nbsp;<\/strong>Para m\u00e1s informaci\u00f3n sobre c\u00f3mo tratamos tus datos, consulte nuestra&nbsp;<a href=\"https:\/\/www.leti.com\/es\/protecciondedatos\" target=\"_blank\" rel=\"noreferrer noopener\"><strong>Pol\u00edtica de Privacidad<\/strong><\/a>.<\/p>\n","protected":false},"excerpt":{"rendered":"Responsable del tratamiento:&nbsp;LETI Pharma. Finalidad:\u00a0Atender y gestionar las consultas relacionadas con la salud de la piel y prestar&hellip;\n","protected":false},"author":3,"featured_media":0,"parent":0,"menu_order":0,"comment_status":"closed","ping_status":"closed","template":"","meta":{"_acf_changed":false,"footnotes":""},"class_list":["post-3202","page","type-page","status-publish"],"acf":[],"yoast_head":"<!-- This site is optimized with the Yoast SEO plugin v26.1.1 - https:\/\/yoast.com\/wordpress\/plugins\/seo\/ -->\n<title>Informaci\u00f3n b\u00e1sica sobre el tratamiento de protecci\u00f3n de datos - Dermipedia<\/title>\n<meta name=\"robots\" content=\"index, follow, max-snippet:-1, max-image-preview:large, max-video-preview:-1\" \/>\n<link rel=\"canonical\" href=\"https:\/\/www.leti.com\/dermipedia\/informacion-basica-sobre-el-tratamiento-de-proteccion-de-datos\/\" \/>\n<meta property=\"og:locale\" content=\"es_ES\" \/>\n<meta property=\"og:type\" content=\"article\" \/>\n<meta property=\"og:title\" content=\"Informaci\u00f3n b\u00e1sica sobre el tratamiento de protecci\u00f3n de datos - Dermipedia\" \/>\n<meta property=\"og:description\" content=\"Responsable del tratamiento:&nbsp;LETI Pharma. Finalidad:\u00a0Atender y gestionar las consultas relacionadas con la salud de la piel y prestar&hellip;\" \/>\n<meta property=\"og:url\" content=\"https:\/\/www.leti.com\/dermipedia\/informacion-basica-sobre-el-tratamiento-de-proteccion-de-datos\/\" \/>\n<meta property=\"og:site_name\" content=\"Dermipedia\" \/>\n<meta property=\"article:modified_time\" content=\"2025-11-04T11:19:37+00:00\" \/>\n<meta name=\"twitter:card\" content=\"summary_large_image\" \/>\n<meta name=\"twitter:label1\" content=\"Tiempo de lectura\" \/>\n\t<meta name=\"twitter:data1\" content=\"1 minuto\" \/>\n<script type=\"application\/ld+json\" class=\"yoast-schema-graph\">{\"@context\":\"https:\/\/schema.org\",\"@graph\":[{\"@type\":\"WebPage\",\"@id\":\"https:\/\/www.leti.com\/dermipedia\/informacion-basica-sobre-el-tratamiento-de-proteccion-de-datos\/\",\"url\":\"https:\/\/www.leti.com\/dermipedia\/informacion-basica-sobre-el-tratamiento-de-proteccion-de-datos\/\",\"name\":\"Informaci\u00f3n b\u00e1sica sobre el tratamiento de protecci\u00f3n de datos - Dermipedia\",\"isPartOf\":{\"@id\":\"https:\/\/www.leti.com\/dermipedia\/#website\"},\"datePublished\":\"2024-11-26T13:34:12+00:00\",\"dateModified\":\"2025-11-04T11:19:37+00:00\",\"breadcrumb\":{\"@id\":\"https:\/\/www.leti.com\/dermipedia\/informacion-basica-sobre-el-tratamiento-de-proteccion-de-datos\/#breadcrumb\"},\"inLanguage\":\"es\",\"potentialAction\":[{\"@type\":\"ReadAction\",\"target\":[\"https:\/\/www.leti.com\/dermipedia\/informacion-basica-sobre-el-tratamiento-de-proteccion-de-datos\/\"]}]},{\"@type\":\"BreadcrumbList\",\"@id\":\"https:\/\/www.leti.com\/dermipedia\/informacion-basica-sobre-el-tratamiento-de-proteccion-de-datos\/#breadcrumb\",\"itemListElement\":[{\"@type\":\"ListItem\",\"position\":1,\"name\":\"Portada\",\"item\":\"https:\/\/www.leti.com\/dermipedia\/inicio\/\"},{\"@type\":\"ListItem\",\"position\":2,\"name\":\"Informaci\u00f3n b\u00e1sica sobre el tratamiento de protecci\u00f3n de datos\"}]},{\"@type\":\"WebSite\",\"@id\":\"https:\/\/www.leti.com\/dermipedia\/#website\",\"url\":\"https:\/\/www.leti.com\/dermipedia\/\",\"name\":\"Dermipedia\",\"description\":\"Todos los secretos de la piel\",\"potentialAction\":[{\"@type\":\"SearchAction\",\"target\":{\"@type\":\"EntryPoint\",\"urlTemplate\":\"https:\/\/www.leti.com\/dermipedia\/?s={search_term_string}\"},\"query-input\":{\"@type\":\"PropertyValueSpecification\",\"valueRequired\":true,\"valueName\":\"search_term_string\"}}],\"inLanguage\":\"es\"}]}<\/script>\n<!-- \/ Yoast SEO plugin. -->","yoast_head_json":{"title":"Informaci\u00f3n b\u00e1sica sobre el tratamiento de protecci\u00f3n de datos - Dermipedia","robots":{"index":"index","follow":"follow","max-snippet":"max-snippet:-1","max-image-preview":"max-image-preview:large","max-video-preview":"max-video-preview:-1"},"canonical":"https:\/\/www.leti.com\/dermipedia\/informacion-basica-sobre-el-tratamiento-de-proteccion-de-datos\/","og_locale":"es_ES","og_type":"article","og_title":"Informaci\u00f3n b\u00e1sica sobre el tratamiento de protecci\u00f3n de datos - Dermipedia","og_description":"Responsable del tratamiento:&nbsp;LETI Pharma. Finalidad:\u00a0Atender y gestionar las consultas relacionadas con la salud de la piel y prestar&hellip;","og_url":"https:\/\/www.leti.com\/dermipedia\/informacion-basica-sobre-el-tratamiento-de-proteccion-de-datos\/","og_site_name":"Dermipedia","article_modified_time":"2025-11-04T11:19:37+00:00","twitter_card":"summary_large_image","twitter_misc":{"Tiempo de lectura":"1 minuto"},"schema":{"@context":"https:\/\/schema.org","@graph":[{"@type":"WebPage","@id":"https:\/\/www.leti.com\/dermipedia\/informacion-basica-sobre-el-tratamiento-de-proteccion-de-datos\/","url":"https:\/\/www.leti.com\/dermipedia\/informacion-basica-sobre-el-tratamiento-de-proteccion-de-datos\/","name":"Informaci\u00f3n b\u00e1sica sobre el tratamiento de protecci\u00f3n de datos - Dermipedia","isPartOf":{"@id":"https:\/\/www.leti.com\/dermipedia\/#website"},"datePublished":"2024-11-26T13:34:12+00:00","dateModified":"2025-11-04T11:19:37+00:00","breadcrumb":{"@id":"https:\/\/www.leti.com\/dermipedia\/informacion-basica-sobre-el-tratamiento-de-proteccion-de-datos\/#breadcrumb"},"inLanguage":"es","potentialAction":[{"@type":"ReadAction","target":["https:\/\/www.leti.com\/dermipedia\/informacion-basica-sobre-el-tratamiento-de-proteccion-de-datos\/"]}]},{"@type":"BreadcrumbList","@id":"https:\/\/www.leti.com\/dermipedia\/informacion-basica-sobre-el-tratamiento-de-proteccion-de-datos\/#breadcrumb","itemListElement":[{"@type":"ListItem","position":1,"name":"Portada","item":"https:\/\/www.leti.com\/dermipedia\/inicio\/"},{"@type":"ListItem","position":2,"name":"Informaci\u00f3n b\u00e1sica sobre el tratamiento de protecci\u00f3n de datos"}]},{"@type":"WebSite","@id":"https:\/\/www.leti.com\/dermipedia\/#website","url":"https:\/\/www.leti.com\/dermipedia\/","name":"Dermipedia","description":"Todos los secretos de la piel","potentialAction":[{"@type":"SearchAction","target":{"@type":"EntryPoint","urlTemplate":"https:\/\/www.leti.com\/dermipedia\/?s={search_term_string}"},"query-input":{"@type":"PropertyValueSpecification","valueRequired":true,"valueName":"search_term_string"}}],"inLanguage":"es"}]}},"_links":{"self":[{"href":"https:\/\/www.leti.com\/dermipedia\/wp-json\/wp\/v2\/pages\/3202","targetHints":{"allow":["GET"]}}],"collection":[{"href":"https:\/\/www.leti.com\/dermipedia\/wp-json\/wp\/v2\/pages"}],"about":[{"href":"https:\/\/www.leti.com\/dermipedia\/wp-json\/wp\/v2\/types\/page"}],"author":[{"embeddable":true,"href":"https:\/\/www.leti.com\/dermipedia\/wp-json\/wp\/v2\/users\/3"}],"replies":[{"embeddable":true,"href":"https:\/\/www.leti.com\/dermipedia\/wp-json\/wp\/v2\/comments?post=3202"}],"version-history":[{"count":2,"href":"https:\/\/www.leti.com\/dermipedia\/wp-json\/wp\/v2\/pages\/3202\/revisions"}],"predecessor-version":[{"id":4772,"href":"https:\/\/www.leti.com\/dermipedia\/wp-json\/wp\/v2\/pages\/3202\/revisions\/4772"}],"wp:attachment":[{"href":"https:\/\/www.leti.com\/dermipedia\/wp-json\/wp\/v2\/media?parent=3202"}],"curies":[{"name":"wp","href":"https:\/\/api.w.org\/{rel}","templated":true}]}}